{"id":1192,"date":"2020-12-19T18:49:18","date_gmt":"2020-12-19T17:49:18","guid":{"rendered":"http:\/\/www.legions-romaines.fr\/blog\/?page_id=1192"},"modified":"2024-12-27T11:59:10","modified_gmt":"2024-12-27T10:59:10","slug":"bibliotheque-perso-armee-romaine","status":"publish","type":"page","link":"https:\/\/www.legions-romaines.fr\/blog\/bibliotheque-perso-armee-romaine\/","title":{"rendered":"BIBLIOTH\u00c8QUE PERSONNELLE : L\u2019ARM\u00c9E ROMAINE"},"content":{"rendered":"\n<p id=\"block-a890b766-7d14-4fd3-becf-fec4857bf95a\"><strong>Actes de colloques et ouvrages collectifs<\/strong><br><em>A Companion to the Roman Army<\/em>, \u00e9d. Erdkamp P., Oxford, Wiley-Blackwell, 2007.<br>\u2023 <em>Birthday of the Eagle. The Second Augustan Legion and the Roman Military Machine<\/em>, \u00e9d. Brewer R.J., Cardiff, National Museums &amp; Galleries of Wales, 2002.<br>\u2023 <em>Corps du chef et gardes du corps dans l\u2019arm\u00e9e romaine, Actes du septi\u00e8me Congr\u00e8s de Lyon (25-27 octobre 2018)<\/em>, \u00e9d. Wolff C., Faure P., Lyon, De Boccard, 2020.<br>\u2023 <em>Epigraphische Studien. 13. Sammelband<\/em>, Cologne, Rheinland-Verlag, 1983.<br>\u2023 <em>Heer und Integrationspolitik. Die r\u00f6mischen Milit\u00e4rdiplome als historische Quelle<\/em>, \u00e9d. Eck W., Wolff H., Cologne-Vienne, B\u00f6hlau Verlag, 1986.<br>\u2023 <em>L&rsquo;Arm\u00e9e de Rome. La puissance et la gloire<\/em>, \u00e9d. Sch\u00f6rle K., Milan, Silvana Editoriale, 2018.<br>\u2023 <em>L&rsquo;Arm\u00e9e romaine en Gaule<\/em>, \u00e9d. Redd\u00e9 M., Paris, Errance, 1996.<br>\u2023 <em>Le Camp l\u00e9gionnaire de Mirebeau<\/em>, \u00e9d. Goguey R., Redd\u00e9 M., Mayence, Verlag der R\u00f6misch-Germanischen Zentralmuseums, 1995.<br>\u2023 <em>Legio VII Gemina<\/em>, Le\u00f3n, Excma. Diputacion Provincial, 1970.<br>\u2023 <em>Les l\u00e9gions de Rome sous le Haut-Empire, Actes du Congr\u00e8s de Lyon (17-19 septembre 1998)<\/em>, tomes I et II, \u00e9d. Le Bohec Y., Wolff C., Lyon, De Boccard, 2000.<br>\u2023 <em>Probl\u00e8mes de la guerre \u00e0 Rome<\/em>, \u00e9d. Brisson J.-P., Paris-La Haye, Mouton &amp; Co, 1969.<br>\u2023 <em>The Encyclopedia of the Roman Army<\/em>, trois tomes, \u00e9d. Le Bohec Y., Cichester, Wiley Blackwell, 2015.<\/p>\n\n\n\n<p id=\"block-cae456d6-990b-4a10-afe0-4e246bf88b66\"><strong>Recueils d&rsquo;articles<\/strong><br>\u2023 Birley E. (1953), <em>Roman Britain and the Roman Army. Collected Papers<\/em>, Kendal, T. Wilson, 1961<sup>2<\/sup>.<br>\u2023 Davies R.W. (1989), <em>Service in the Roman Army<\/em>, \u00e9d. Breeze D., Maxfield V., Edimbourg, Edinburg University Press.<br>\u2023 Domaszewski A. von (1972), <em>Aufs\u00e4tze zur r\u00f6mischen Heeresgeschichte<\/em>, Darmstadt.<br> \u2014 (1977), <em>Abhandlungen zur r\u00f6mischen Religion<\/em>, Hildesheim-New York, Georg Olms.<br>\u2023 Forni G. (1992), <em>Esercito e Marina di Roma Antica. Raccolto di Contributi<\/em>, Stuttgart, Franz Steiner.<br>\u2023 Gabba E. (1973), <em>Esercito e societ\u00e0 nella tarda Repubblica romana<\/em>, Florence, La Nuova Italia.<br>\u2014 (1974), <em>Per la storia dell&rsquo;esercito romano in et\u00e0 imperiale<\/em>, Bologne, P\u00e0tron Editore.<br>\u2023 Keppie L. (2000), <em>Legions and Veterans. Roman Army Papers 1971-2000<\/em>, Stuttgart, Franz Steiner.<br>\u2023 Rold\u00e1n Herv\u00e1s J.M. (1989), <em>Ejercito y Sociedad en la Hispania Romana<\/em>, Grenade, Universidad de Granada.<\/p>\n\n\n\n<p id=\"block-bf0e8164-3db3-43e4-8357-154a300c3988\"><strong>Ouvrages<\/strong><br>\u2023 Adcock F.E. (1940), <em>The Roman Art of War Under the Republic<\/em>, Cambridge, W. Heffers &amp; Sons, 1963.<br>\u2023 Beck F., Chew H. (1991), <em>Masques de fer. Un officier romain du temps de Caligula<\/em>, Paris, Editions de la R\u00e9union des mus\u00e9es nationaux.<br>\u2023 Bishop M.C., Coulston J.C.N. (2006), <em>Roman Military Equipment: From the Punic Wars to the Fall of Rome<\/em>, Oxford, Oxbow Books, 2016\u00b2.<br>\u2023 Botermann H. (1968), <em>Die Soldaten und die r\u00f6mische Politik in der Zeit von Caesars Tod bis zur Begr\u00fcndung des Zweiten Triumvirats<\/em>, Munich.<br>\u2023 Breeze D.J. (2016), <em>The Roman Army<\/em>, Londres, Bloomsbury.<br>\u2023 Brizzi G. (2002), <em>Le Guerrier de l&rsquo;Antiquit\u00e9 classique. De l&rsquo;hoplite au l\u00e9gionnaire<\/em>, trad. Le Bohec Y., Monaco, \u00c9ditions du Rocher, 2004.<br>\u2023 Brunt P.A. (1971), <em>Italian Manpower 225 B.C.\u2013A.D. 14<\/em>, Oxford, Clarendon Press.<br>\u2023 Cadiou F. (2008), <em>Hibera in terra miles. Les arm\u00e9es romaines et la conqu\u00eate de l&rsquo;Hispanie sous la R\u00e9publique (218-45 av.\u00a0J.-C.)<\/em>, Madrid, Casa de Vel\u00e1zquez.<br>\u2014 (2018), <em>L&rsquo;Arm\u00e9e imaginaire. Les soldats prol\u00e9taires dans les l\u00e9gions romaines au dernier si\u00e8cle de la R\u00e9publique<\/em>, Paris, Les Belles Lettres.<br>\u2023 Campbell B. (1994), <em>The Roman Army, 31 BC \u2013 AD 337. A Sourcebook<\/em>, Oxford, Routledge, 2005<sup>3<\/sup>.<br>\u2023 Cheesman G.L. (1914), <em>The Auxilia of the Roman Imperial Army<\/em>, Oxford, Oxford University Press.<br>\u2023 Cosme P. (2007), <em>L&rsquo;Arm\u00e9e romaine<\/em>, VIII<sup>e<\/sup> s. av. J.-C.-V<sup>e<\/sup> s. ap. J.-C., Paris, Armand Colin.<br>\u2023 Couissin P. (1926), <em>Les Armes romaines. Essai sur les origines et l\u2019\u00e9volution des armes individuelles du l\u00e9gionnaire romain<\/em>, Paris, Librairie ancienne Honor\u00e9 Champion.<br>\u2023 Delestre X., Salviat F. (2015), <em>Le mausol\u00e9e de Saint-R\u00e9my-de-Provence. Les Iulii, Jules C\u00e9sar et la bataille de Z\u00e9la<\/em>, Paris, Errance.<br>\u2023 Depeyrot G. (2008), <em>L\u00e9gions romaines en campagne. La colonne Trajane<\/em>, Paris, Errance.<br>\u2014 (2011), <em>Les L\u00e9gions face aux barbares. La colonne de Marc Aur\u00e8le<\/em>, Paris, Errance.<br>\u2023 Dobson B. (1978), <em>Die Primipilares. Entwicklung und Bedeutung, Laufbahnen und Pers\u00f6nlichkeiten eines r\u00f6mischen Offiziersranges<\/em>, Cologne, Rheinland-Verlag.<br>\u2023 Domaszewski A. von (1895), <em>Die Religion des R\u00f6mischen Heeres<\/em>, Trier, Verlag der Fr. Lintz\u2019schen Buchhandlung.<br>\u2014 (1908), <em>Die Rangordnung des R\u00f6mischen Heeres<\/em>, \u00e9d. Dobson B., Cologne-Vienne, B\u00f6hlau Verlag, 1981<sup>3<\/sup>.<br>\u2023 Egg M., Waurick G. (1990), <em>Antike Helme<\/em>, Mayence, Verlag des R\u00f6misch-Germanischen Zentralmuseums.<br>\u2023 Evans R.F. (1986), <em>Soldiers of Rome. Praetorians and Legionnaires<\/em>, Washington, Seven Locks Press.<br>\u2023 Feug\u00e8re M. (1993), <em>Les Armes des Romains de la R\u00e9publique \u00e0 l&rsquo;Antiquit\u00e9 tardive<\/em>, Paris, Errance, 2019\u00b2.<br>\u2014 (1994) <em>Casques antiques. Les visages de la guerre, de Myc\u00e8nes \u00e0 la fin de l&rsquo;Empire romain<\/em>, Paris, Errance, 2011\u00b2.<br>\u2023 Fontaine L. (1883), <em>L&rsquo;Arm\u00e9e romaine<\/em>, Paris, L\u00e9opold Cerf.<br>\u2023 Forni G. (1953), <em>Il Reclutamento delle Legioni da Augusto a Diocleziano<\/em>, Milan-Rome, Fratelli Bocca Editori.<br>\u2023 Gabba E. (1975), <em>Le rivolte militari romane dal IV secolo a. C. ad Augusto<\/em>, Florence, Sansoni.<br>\u2023 G\u00e9rardin B. (2009), <em>La l\u00e9gion des Alouettes<\/em>, Besan\u00e7on, m\u00e9moire in\u00e9dit.<br>\u2023 Goldsworthy A. (2000), <em>Les Guerres romaines. 281 av. J.-C. &#8211; 476 ap. J.-C.<\/em>, trad. P\u00e9castaing-Boissi\u00e8re M., \u00e9d. Gaillard J., Paris, Autrement, 2001\u00b2.<br>\u2014 (2003), <em>The Complete Roman Army<\/em>, Londres, Thames &amp; Hudson.<br>\u2023 Grant M. (1974), <em>The Army of the Caesars<\/em>, New York, Barnes &amp; Noble, 1997\u00b2.<br>\u2023 Guillerm A. (1993), <em>La Marine de guerre antique<\/em>, Paris, S.P.M.<br>\u2023 Harmand J. (1967), <em>L&rsquo;Arm\u00e9e et le soldat \u00e0 Rome de 107 \u00e0 50 avant notre \u00e8re<\/em>, Paris, A. et J. Picard &amp; Cie.<br>\u2023 Haynes I. (2013), <em>Blood of the Provinces. The Roman <\/em>Auxilia<em> and the Making of Provincial Society from Augustus to the Severans<\/em>, Oxford.<br>\u2023 Hildinger E. (2002), <em>Swords against the Senate. The Rise of the Roman Army and the Fall of the Republic<\/em>, Cambridge, Da Capo Press, 2003\u00b2.<br>\u2023 Jal P. (1963), <em>La Guerre civile \u00e0 Rome. \u00c9tude litt\u00e9raire et morale<\/em>, Paris, Presses Universitaires de France.<br>\u2023 Junkelmann M. (1986), <em>Die Legionen des Augustus. Der r\u00f6mische Soldat im arch\u00e4logischen Experiment<\/em>, Mayence, Verlag Philipp Von Zabern, 1991<sup>5<\/sup>.<br>\u2014 (1990-1992), <em>Die Reiter Roms<\/em>, trois tomes, Mayence, Verlag Philipp Von Zabern.<br>\u2023 Keppie L. (1983), <em>Colonisation and Veteran Settlement in Italy 47-14 B.C.<\/em>, Londres, British School at Rome.<br>\u2014 (1984), <em>The Making of the Roman Army from Republic to Empire<\/em>, Londres, Batsford, 1991\u00b2.<br>\u2023 Landelle M. (2010), <em>Le l\u00e9gionnaire romain, I<\/em><sup><em>er<\/em><\/sup><em> si\u00e8cle av.\u00a0J.-C.<\/em>, Clermont-Ferrand, Lemme Edit, 2014<sup>2<\/sup>.<br>\u2023 Le Bohec Y. (1989), <em>L&rsquo;Arm\u00e9e romaine sous le Haut-Empire<\/em>, Paris, Picard, 1998<sup>2<\/sup>.<br>\u2014 (2003), <em>Histoire militaire des guerres puniques<\/em>, Monaco, \u00c9ditions du Rocher.<br>\u2014 (2008), <em>La \u00ab\u00a0bataille\u00a0\u00bb du Teutoburg, 9 apr. J.-C.<\/em>, Clermont-Ferrand, Les \u00c9ditions Maison, 2010<sup>3<\/sup>.<br>\u2014 (2009), <em>L&rsquo;Arm\u00e9e romaine dans la tourmente. Une nouvelle approche de la \u00ab\u00a0crise du IIIe si\u00e8cle\u00a0\u00bb<\/em>, Monaco, \u00c9ditions du Rocher.<br>\u2014 (2014), <em>La Guerre romaine, 58 avant J.-C.-235 apr\u00e8s J.-C.<\/em>, Paris, Tallandier.<br>\u2014 (2017), <em>Histoire des guerres romaines&#8230;<\/em>, Paris, Tallandier.<br>\u2014 (2020), <em>La Vie quotidienne des soldats romains \u00e0 l&rsquo;apog\u00e9e de l&rsquo;Empire&#8230;<\/em>, Paris, Tallandier.<br>\u2023 Le Roux P. (1982), <em>L&rsquo;Arm\u00e9e romaine et l&rsquo;organisation des Provinces ib\u00e9riques d&rsquo;Auguste \u00e0 l&rsquo;invasion de 409<\/em>, Paris, De Boccard.<br>\u2023 Lesquier J. (1918), <em>L&rsquo;Arm\u00e9e romaine d&rsquo;\u00c9gypte d&rsquo;Auguste \u00e0 Diocl\u00e9tien<\/em>, Paris, Hachette BnF, 2014\u00b2.<br>\u2023 Liberati A., Silverio F. (1988), <em>Museo della civilt\u00e0 romana, 5, Organizzazione militare: esercito<\/em>, Rome, Edizioni Quasar.<br>\u2023 Mann J.C. (1983), <em>Legionary Recruitment and Veteran Settlement During the Principate<\/em>, \u00e9d. Roxan M., Londres, Institute of Archaeology.<br>\u2023 Mar\u00edn y Pe\u00f1a M. (1956), <em>Instituciones militares romanas<\/em>, Madrid, Consejo Superior de Investigaciones Cient\u00edficas.<br>\u2023 Marty J. (2016), <em>Auxiliaires des l\u00e9gions de Jules C\u00e9sar durant la guerre des Gaules. Les arm\u00e9es oubli\u00e9es<\/em>, \u00e9dit\u00e9 \u00e0 compte d&rsquo;auteur.<br>\u2023 Parker H.M.D. (1928), <em>The Roman Legions<\/em>, New York, Dorset Press, 1992<sup>3<\/sup>.<br>\u2023 Peddie J. (1994), <em>The Roman War Machine<\/em>, Stroud, Alan Sutton Publishing Limited.<br>\u2023 Pflug H. (1988), <em>Antike Helme. Eine Ausstellung aus Anla\u00df<\/em> <em>des XIII. Internationalen Kongresses f\u00fcr Klassische Arch\u00e4ologie in Berlin<\/em>, Mayence, Verlag des R\u00f6misch<em>&#8211;<\/em><br>Germanischen Zentralmuseums.<br>\u2023 Pollard N., Berry J. (2012), <em>The Complete Roman Legions<\/em>, Londres, Thames &amp; Hudson.<br>\u2023 Rodr\u00edguez-Gonz\u00e1lez J. (2001), <em>Historia de las legiones romanas<\/em>, Madrid, Signifer Libros.<br>\u2023 Saddington D.B. (1982), <em>The Development of the Roman Auxiliary Forces from Caesar to Vespasian (49 B.C. &#8211; A.D. 79)<\/em>, Harare, University of Zimbabwe.<br>\u2023 Schmitthenner W.C.G. (1958), <em>The Armies of the Triumviral Period: A Study of the Origins of the Roman Imperial Legions<\/em>, Oxford, th\u00e8se in\u00e9dite.<br>\u2023 Sch\u00f6nberger H. (1985), <em>Die r\u00f6mischen Truppenlager der fr\u00fchen und mittleren Kaiserzeit zwischen Nordsee und Inn<\/em>, Francfort-sur-le-Main, Verlag Philipp Von Zabern.<br>\u2023 Smith R.E. (1958), <em>Service in the Post-Marian Roman Army<\/em>, Manchester, Manchester University Press.<br>\u2023 Speidel M.P. (1978), <em>Guards of the Roman Armies. An Essay on the Singulares of the Provinces<\/em>, Bonn, Rudolf Habelt Verlag.<br>\u2023 Stein E. (1932), <em>Die Kaiserlichen Beamten und Truppenk\u00f6rper in R\u00f6mischen Deutschland unter dem Prinzipat, mit Ben\u00fctzung von E.\u00a0Ritterlings Nachla\u00df<\/em>, Amsterdam, Verlag Adolf M. Hakkert, 1965<sup>2<\/sup>.<br>\u2023 Todisco E. (1999), <em>I Veterani in Italia in et\u00e0 imperiale<\/em>, Bari, Edipuglia.<br>\u2023 Van de Weerd H. (1907), <em>Etude historique sur trois l\u00e9gions romaines du Bas-Danube&#8230;<\/em>, Louvain-Paris, 1907.<br>\u2023 Vaschide V. (1903), <em>Histoire de la conqu\u00eate romaine de la Dacie et des corps d\u2019arm\u00e9e qui y ont pris part<\/em>, Paris, Hachette BnF, 2016\u00b2.<br>\u2023 Watson G.R. (1969), <em>The Roman Soldier<\/em>, Londres, Thames &amp; Hudson, 1981.<br>\u2023 Waurick G. (1990), <em>Helme in Caesars Heer<\/em>, Mainz, Verlag des R\u00f6misch-Germanischen Zentralmuseums.<br>\u2023 Webster G. (1956), <em>The Roman Army. A Illustrated Study<\/em>, Chester, Grosvenor Museum, 1973<sup>3<\/sup>.<br>\u2014 (1969), <em>The Roman Imperial Army of the First and Second Century A.D.<\/em>, Norman, University of Oklahoma Press, 1998<sup>3<\/sup>.<br>\u2023 Wolff C. (2012), <em>L&rsquo;Arm\u00e9e romaine. Une arm\u00e9e mod\u00e8le ?<\/em>, Paris, CNRS \u00e9ditions.<\/p>\n\n\n\n<p><strong>Revues sp\u00e9cialis\u00e9es :<\/strong><br>\u2023 <em>Revue des \u00c9tudes Militaires Anciennes<\/em> : N\u00b01 (2004), 2 (2005) &amp; 5 (2008-2012).<br>\u2023 <em>Revue internationale d&rsquo;Histoire Militaire Ancienne<\/em> : N\u00b01 (2015), 2 (2015) &amp; 3 (2016).<\/p>\n\n\n\n<p>Un <a href=\"http:\/\/www.legions-romaines.fr\/blog\/contact\/\"><strong>formulaire de contact<\/strong><\/a> est \u00e0 votre disposition pour toute demande d&rsquo;informations.<\/p>\n\n\n\n<p>Page mise \u00e0 jour le 27 d\u00e9cembre 2024.<\/p>\n","protected":false},"excerpt":{"rendered":"<p>Actes de colloques et ouvrages collectifsA Companion to the Roman Army, \u00e9d. Erdkamp P., Oxford, Wiley-Blackwell, 2007.\u2023 Birthday of the Eagle. The Second Augustan Legion and the Roman Military Machine, \u00e9d. Brewer R.J., Cardiff, National Museums &amp; Galleries of Wales, 2002.\u2023 Corps du chef et gardes du corps dans l\u2019arm\u00e9e romaine, Actes du septi\u00e8me Congr\u00e8s [&hellip;]<\/p>\n","protected":false},"author":2,"featured_media":0,"parent":0,"menu_order":0,"comment_status":"open","ping_status":"closed","template":"","meta":{"footnotes":""},"class_list":["post-1192","page","type-page","status-publish","hentry"],"yoast_head":"<!-- This site is optimized with the Yoast SEO plugin v26.0 - https:\/\/yoast.com\/wordpress\/plugins\/seo\/ -->\n<title>BIBLIOTH\u00c8QUE PERSONNELLE : L\u2019ARM\u00c9E ROMAINE - CONTRIBUTIONS \u00c0 L&#039;\u00c9TUDE DES L\u00c9GIONS ROMAINES<\/title>\n<meta name=\"robots\" content=\"index, follow, max-snippet:-1, max-image-preview:large, max-video-preview:-1\" \/>\n<link rel=\"canonical\" href=\"https:\/\/www.legions-romaines.fr\/blog\/bibliotheque-perso-armee-romaine\/\" \/>\n<meta property=\"og:locale\" content=\"fr_FR\" \/>\n<meta property=\"og:type\" content=\"article\" \/>\n<meta property=\"og:title\" content=\"BIBLIOTH\u00c8QUE PERSONNELLE : L\u2019ARM\u00c9E ROMAINE - CONTRIBUTIONS \u00c0 L&#039;\u00c9TUDE DES L\u00c9GIONS ROMAINES\" \/>\n<meta property=\"og:description\" content=\"Actes de colloques et ouvrages collectifsA Companion to the Roman Army, \u00e9d. Erdkamp P., Oxford, Wiley-Blackwell, 2007.\u2023 Birthday of the Eagle. The Second Augustan Legion and the Roman Military Machine, \u00e9d. Brewer R.J., Cardiff, National Museums &amp; Galleries of Wales, 2002.\u2023 Corps du chef et gardes du corps dans l\u2019arm\u00e9e romaine, Actes du septi\u00e8me Congr\u00e8s [&hellip;]\" \/>\n<meta property=\"og:url\" content=\"https:\/\/www.legions-romaines.fr\/blog\/bibliotheque-perso-armee-romaine\/\" \/>\n<meta property=\"og:site_name\" content=\"CONTRIBUTIONS \u00c0 L&#039;\u00c9TUDE DES L\u00c9GIONS ROMAINES\" \/>\n<meta property=\"article:modified_time\" content=\"2024-12-27T10:59:10+00:00\" \/>\n<meta name=\"twitter:card\" content=\"summary_large_image\" \/>\n<meta name=\"twitter:label1\" content=\"Dur\u00e9e de lecture estim\u00e9e\" \/>\n\t<meta name=\"twitter:data1\" content=\"9 minutes\" \/>\n<script type=\"application\/ld+json\" class=\"yoast-schema-graph\">{\"@context\":\"https:\/\/schema.org\",\"@graph\":[{\"@type\":\"WebPage\",\"@id\":\"https:\/\/www.legions-romaines.fr\/blog\/bibliotheque-perso-armee-romaine\/\",\"url\":\"https:\/\/www.legions-romaines.fr\/blog\/bibliotheque-perso-armee-romaine\/\",\"name\":\"BIBLIOTH\u00c8QUE PERSONNELLE : L\u2019ARM\u00c9E ROMAINE - CONTRIBUTIONS \u00c0 L&#039;\u00c9TUDE DES L\u00c9GIONS ROMAINES\",\"isPartOf\":{\"@id\":\"https:\/\/www.legions-romaines.fr\/blog\/#website\"},\"datePublished\":\"2020-12-19T17:49:18+00:00\",\"dateModified\":\"2024-12-27T10:59:10+00:00\",\"breadcrumb\":{\"@id\":\"https:\/\/www.legions-romaines.fr\/blog\/bibliotheque-perso-armee-romaine\/#breadcrumb\"},\"inLanguage\":\"fr-FR\",\"potentialAction\":[{\"@type\":\"ReadAction\",\"target\":[\"https:\/\/www.legions-romaines.fr\/blog\/bibliotheque-perso-armee-romaine\/\"]}]},{\"@type\":\"BreadcrumbList\",\"@id\":\"https:\/\/www.legions-romaines.fr\/blog\/bibliotheque-perso-armee-romaine\/#breadcrumb\",\"itemListElement\":[{\"@type\":\"ListItem\",\"position\":1,\"name\":\"Accueil\",\"item\":\"https:\/\/www.legions-romaines.fr\/blog\/\"},{\"@type\":\"ListItem\",\"position\":2,\"name\":\"BIBLIOTH\u00c8QUE PERSONNELLE : L\u2019ARM\u00c9E ROMAINE\"}]},{\"@type\":\"WebSite\",\"@id\":\"https:\/\/www.legions-romaines.fr\/blog\/#website\",\"url\":\"https:\/\/www.legions-romaines.fr\/blog\/\",\"name\":\"L\u00c9GIONS ROMAINES\",\"description\":\"Carnet de recherche sur l&#039;arm\u00e9e romaine tardo-r\u00e9publicaine et la transmission des textes du corpus c\u00e9sarien\",\"publisher\":{\"@id\":\"https:\/\/www.legions-romaines.fr\/blog\/#\/schema\/person\/e368692ce5709607b047631756b5a38d\"},\"potentialAction\":[{\"@type\":\"SearchAction\",\"target\":{\"@type\":\"EntryPoint\",\"urlTemplate\":\"https:\/\/www.legions-romaines.fr\/blog\/?s={search_term_string}\"},\"query-input\":{\"@type\":\"PropertyValueSpecification\",\"valueRequired\":true,\"valueName\":\"search_term_string\"}}],\"inLanguage\":\"fr-FR\"},{\"@type\":[\"Person\",\"Organization\"],\"@id\":\"https:\/\/www.legions-romaines.fr\/blog\/#\/schema\/person\/e368692ce5709607b047631756b5a38d\",\"name\":\"Batiste G\u00e9rardin\",\"image\":{\"@type\":\"ImageObject\",\"inLanguage\":\"fr-FR\",\"@id\":\"https:\/\/www.legions-romaines.fr\/blog\/#\/schema\/person\/image\/\",\"url\":\"https:\/\/secure.gravatar.com\/avatar\/7cf561c219d32073b346099c6beb77a3119859576639b12b98cf7a1688ea8483?s=96&d=mm&r=g\",\"contentUrl\":\"https:\/\/secure.gravatar.com\/avatar\/7cf561c219d32073b346099c6beb77a3119859576639b12b98cf7a1688ea8483?s=96&d=mm&r=g\",\"caption\":\"Batiste G\u00e9rardin\"},\"logo\":{\"@id\":\"https:\/\/www.legions-romaines.fr\/blog\/#\/schema\/person\/image\/\"},\"sameAs\":[\"http:\/\/www.legions-romaines.fr\"]}]}<\/script>\n<!-- \/ Yoast SEO plugin. -->","yoast_head_json":{"title":"BIBLIOTH\u00c8QUE PERSONNELLE : L\u2019ARM\u00c9E ROMAINE - CONTRIBUTIONS \u00c0 L&#039;\u00c9TUDE DES L\u00c9GIONS ROMAINES","robots":{"index":"index","follow":"follow","max-snippet":"max-snippet:-1","max-image-preview":"max-image-preview:large","max-video-preview":"max-video-preview:-1"},"canonical":"https:\/\/www.legions-romaines.fr\/blog\/bibliotheque-perso-armee-romaine\/","og_locale":"fr_FR","og_type":"article","og_title":"BIBLIOTH\u00c8QUE PERSONNELLE : L\u2019ARM\u00c9E ROMAINE - CONTRIBUTIONS \u00c0 L&#039;\u00c9TUDE DES L\u00c9GIONS ROMAINES","og_description":"Actes de colloques et ouvrages collectifsA Companion to the Roman Army, \u00e9d. Erdkamp P., Oxford, Wiley-Blackwell, 2007.\u2023 Birthday of the Eagle. The Second Augustan Legion and the Roman Military Machine, \u00e9d. Brewer R.J., Cardiff, National Museums &amp; Galleries of Wales, 2002.\u2023 Corps du chef et gardes du corps dans l\u2019arm\u00e9e romaine, Actes du septi\u00e8me Congr\u00e8s [&hellip;]","og_url":"https:\/\/www.legions-romaines.fr\/blog\/bibliotheque-perso-armee-romaine\/","og_site_name":"CONTRIBUTIONS \u00c0 L&#039;\u00c9TUDE DES L\u00c9GIONS ROMAINES","article_modified_time":"2024-12-27T10:59:10+00:00","twitter_card":"summary_large_image","twitter_misc":{"Dur\u00e9e de lecture estim\u00e9e":"9 minutes"},"schema":{"@context":"https:\/\/schema.org","@graph":[{"@type":"WebPage","@id":"https:\/\/www.legions-romaines.fr\/blog\/bibliotheque-perso-armee-romaine\/","url":"https:\/\/www.legions-romaines.fr\/blog\/bibliotheque-perso-armee-romaine\/","name":"BIBLIOTH\u00c8QUE PERSONNELLE : L\u2019ARM\u00c9E ROMAINE - CONTRIBUTIONS \u00c0 L&#039;\u00c9TUDE DES L\u00c9GIONS ROMAINES","isPartOf":{"@id":"https:\/\/www.legions-romaines.fr\/blog\/#website"},"datePublished":"2020-12-19T17:49:18+00:00","dateModified":"2024-12-27T10:59:10+00:00","breadcrumb":{"@id":"https:\/\/www.legions-romaines.fr\/blog\/bibliotheque-perso-armee-romaine\/#breadcrumb"},"inLanguage":"fr-FR","potentialAction":[{"@type":"ReadAction","target":["https:\/\/www.legions-romaines.fr\/blog\/bibliotheque-perso-armee-romaine\/"]}]},{"@type":"BreadcrumbList","@id":"https:\/\/www.legions-romaines.fr\/blog\/bibliotheque-perso-armee-romaine\/#breadcrumb","itemListElement":[{"@type":"ListItem","position":1,"name":"Accueil","item":"https:\/\/www.legions-romaines.fr\/blog\/"},{"@type":"ListItem","position":2,"name":"BIBLIOTH\u00c8QUE PERSONNELLE : L\u2019ARM\u00c9E ROMAINE"}]},{"@type":"WebSite","@id":"https:\/\/www.legions-romaines.fr\/blog\/#website","url":"https:\/\/www.legions-romaines.fr\/blog\/","name":"L\u00c9GIONS ROMAINES","description":"Carnet de recherche sur l&#039;arm\u00e9e romaine tardo-r\u00e9publicaine et la transmission des textes du corpus c\u00e9sarien","publisher":{"@id":"https:\/\/www.legions-romaines.fr\/blog\/#\/schema\/person\/e368692ce5709607b047631756b5a38d"},"potentialAction":[{"@type":"SearchAction","target":{"@type":"EntryPoint","urlTemplate":"https:\/\/www.legions-romaines.fr\/blog\/?s={search_term_string}"},"query-input":{"@type":"PropertyValueSpecification","valueRequired":true,"valueName":"search_term_string"}}],"inLanguage":"fr-FR"},{"@type":["Person","Organization"],"@id":"https:\/\/www.legions-romaines.fr\/blog\/#\/schema\/person\/e368692ce5709607b047631756b5a38d","name":"Batiste G\u00e9rardin","image":{"@type":"ImageObject","inLanguage":"fr-FR","@id":"https:\/\/www.legions-romaines.fr\/blog\/#\/schema\/person\/image\/","url":"https:\/\/secure.gravatar.com\/avatar\/7cf561c219d32073b346099c6beb77a3119859576639b12b98cf7a1688ea8483?s=96&d=mm&r=g","contentUrl":"https:\/\/secure.gravatar.com\/avatar\/7cf561c219d32073b346099c6beb77a3119859576639b12b98cf7a1688ea8483?s=96&d=mm&r=g","caption":"Batiste G\u00e9rardin"},"logo":{"@id":"https:\/\/www.legions-romaines.fr\/blog\/#\/schema\/person\/image\/"},"sameAs":["http:\/\/www.legions-romaines.fr"]}]}},"_links":{"self":[{"href":"https:\/\/www.legions-romaines.fr\/blog\/wp-json\/wp\/v2\/pages\/1192","targetHints":{"allow":["GET"]}}],"collection":[{"href":"https:\/\/www.legions-romaines.fr\/blog\/wp-json\/wp\/v2\/pages"}],"about":[{"href":"https:\/\/www.legions-romaines.fr\/blog\/wp-json\/wp\/v2\/types\/page"}],"author":[{"embeddable":true,"href":"https:\/\/www.legions-romaines.fr\/blog\/wp-json\/wp\/v2\/users\/2"}],"replies":[{"embeddable":true,"href":"https:\/\/www.legions-romaines.fr\/blog\/wp-json\/wp\/v2\/comments?post=1192"}],"version-history":[{"count":36,"href":"https:\/\/www.legions-romaines.fr\/blog\/wp-json\/wp\/v2\/pages\/1192\/revisions"}],"predecessor-version":[{"id":3365,"href":"https:\/\/www.legions-romaines.fr\/blog\/wp-json\/wp\/v2\/pages\/1192\/revisions\/3365"}],"wp:attachment":[{"href":"https:\/\/www.legions-romaines.fr\/blog\/wp-json\/wp\/v2\/media?parent=1192"}],"curies":[{"name":"wp","href":"https:\/\/api.w.org\/{rel}","templated":true}]}}