{"id":1226,"date":"2020-12-22T00:24:16","date_gmt":"2020-12-21T23:24:16","guid":{"rendered":"http:\/\/www.legions-romaines.fr\/blog\/?page_id=1226"},"modified":"2024-11-09T15:12:55","modified_gmt":"2024-11-09T14:12:55","slug":"bibliotheque-personnelle-sources-litteraires","status":"publish","type":"page","link":"https:\/\/www.legions-romaines.fr\/blog\/bibliotheque-personnelle-sources-litteraires\/","title":{"rendered":"BIBLIOTH\u00c8QUE PERSONNELLE : SOURCES LITT\u00c9RAIRES"},"content":{"rendered":"\n<p><strong>COLLECTION DES UNIVERSIT\u00c9S DE FRANCE (Les Belles Lettres, bilingue)<\/strong><br>\u2023 <em>R\u00e8gles et recommandations pour les \u00e9ditions critiques. S\u00e9rie grecque<\/em>.<br>\u2023 <em>R\u00e8gles et recommandations pour les \u00e9ditions critiques. S\u00e9rie latine<\/em>.<br>\u2023 <em>De Rebus Bellicis. Sur les affaires militaires<\/em>.<br>\u2023 Apicius : <em>L&rsquo;Art culinaire<\/em>.<br>\u2023 Appien : <em>Pr\u00e9face de l&rsquo;Histoire romain et Fragments des livres I-V<\/em>, <em>L&rsquo;Ib\u00e9rique, Le Livre d&rsquo;Annibal, Le Livre Africain, Le Livre illyrien. Fragments du Livre mac\u00e9donien, Le Livre syriaque, La Guerre de Mithridate, Guerres civiles<\/em>, livres I\u2013V (douze tomes).<br>\u2023 Arist\u00e9n\u00e8te : <em>Lettres d&rsquo;amour<\/em>.<br>\u2023 Catulle, <em>Po\u00e9sies<\/em>.<br>\u2023 C\u00e9sar : <em>Guerre des Gaules<\/em> (deux tomes), <em>La Guerre civile<\/em> (deux tomes).<br>\u2023 Cic\u00e9ron : <em>Caton l&rsquo;Ancien (De la vieillesse)<\/em>, <em>Correspondance<\/em> (onze tomes : I\u2013XI), <em>De l&rsquo;orateur<\/em> (trois tomes), <em>Discours<\/em> (vingt-et-un volumes : tomes I\u2013XX), <em>Divisions de l&rsquo;art oratoire. Topiques<\/em>, <em>L&rsquo;Amiti\u00e9, L&rsquo;Orateur. Du meilleur genre d&rsquo;orateurs<\/em>, <em>Les Devoirs<\/em> (deux tomes), <em>Trait\u00e9 du destin<\/em>.<br>\u2023 Denys d&rsquo;Halicarnasse : <em>Antiquit\u00e9s romaines<\/em>, livre I (tome I).<br>\u2023 Diodore de Sicile : <em>Biblioth\u00e8que historique<\/em>, livre I (tome I).<br>\u2023 Dion Cassius : <em>Histoire romaine<\/em> : livres 36\u201342 &amp; 45\u201351 (sept tomes).<br>\u2023 Esope : <em>Fables<\/em>.<br>\u2023 Flavius Jos\u00e8phe : <em>Autobiographie<\/em>, <em>Contre Apion, Guerre des Juifs<\/em>, livres I\u2013III (tomes I &amp; II).<br>\u2023 Florus : <em>\u0152uvres<\/em> (deux tomes).<br>\u2023 Frontin : <em>Les aqueducs de la ville de Rome<\/em>.<br>\u2023 H\u00e9rodote : <em>Histoires<\/em>, Introduction, Index analytique, livres I\u2013II &amp; VII\u2013IX (sept tomes).<br>\u2023 H\u00e9siode : <em>Th\u00e9ogonie. Les Travaux et les jours. Le Bouclier<\/em>.<br>\u2023 Hom\u00e8re : Introduction \u00e0 l&rsquo;Iliade.<br>\u2023 Juv\u00e9nal : <em>Satires<\/em>.<br>\u2023 Lucain : <em>La Guerre civile. La Pharsale<\/em> (deux tomes).<br>\u2023 Orose : <em>Histoires (contre les pa\u00efens)<\/em> (trois tomes). <br>\u2023 Ph\u00e8dre : <em>Fables<\/em>.<br>\u2023 Plaute : <em>Com\u00e9dies : Bacchides, Captivi, Casina, Men\u00e6chmi, Mercator, Miles Gloriosus<\/em> (tomes II &amp; IV).<br>\u2023 Pline l&rsquo;Ancien : <em>Histoire naturelle<\/em>, livres I, II, VI.2 &amp; VII, IX, XXXIII (six tomes).<br>\u2023 Plutarque : <em>Vies : Alexandre\u2013C\u00e9sar, D\u00e9mosth\u00e8ne\u2013Cic\u00e9ron, D\u00e9m\u00e9trios\u2013Antoine, Dion\u2013Brutus<\/em> (quatre tomes).<br>\u2023 Pomponius Mela : <em>Chorographie<\/em>.<br>\u2023 Properce : <em>\u00c9l\u00e9gies<\/em>.<br>\u2023 Pseudo-C\u00e9sar, <em>Guerre d&rsquo;Alexandrie, Guerre d&rsquo;Afrique &amp; Guerre d&rsquo;Espagne<\/em> (trois tomes).<br>\u2023 Pseudo-Hygin : <em>Des fortifications du camp<\/em>.<br>\u2023 Pseudo-Salluste : <em>Lettres \u00e0 C\u00e9sar. Invectives<\/em>.<br>\u2023 Quinte Curce : <em>Histoires<\/em> (deux tomes).<br>\u2023 Strabon : <em>G\u00e9ographie<\/em>, livres III\u2013IV &amp; XII (tomes II &amp; IX).<br>\u2023 Su\u00e9tone : <em>Vie des douze C\u00e9sars<\/em> (trois tomes).<br>\u2023 Tacite : <em>Annales<\/em> (quatre tomes), <em>Histoires<\/em> (trois tomes), <em>La Germanie<\/em>, <em>Vie d&rsquo;Agricola<\/em>.<br>\u2023 Thucydide, <em>La Guerre du P\u00e9loponn\u00e8se<\/em>, livres I &amp; III\u2013IV (tomes I\u2013III).<br>\u2023 Tibulle et les auteurs du Corpus Tibullianum : <em>\u00c9l\u00e9gies.<\/em><br>\u2023 Tite-Live : <em>Histoire romaine<\/em>, livres I\u2013II, XXVII &amp; XLI\u2013XLII (quatre tomes), <em>Abr\u00e9g\u00e9s (Periochae)<\/em> (deux tomes).<br>\u2023 Varron : <em>\u00c9conomie rurale<\/em>, livre I.<br>\u2023 Velleius Paterculus : <em>Histoire romaine<\/em> (deux tomes).<br>\u2023 Virgile : <em>Bucoliques<\/em>, <em>\u00c9n\u00e9ide<\/em> (quatre tomes).<br>\u2023 X\u00e9nophon : <em>Anabase<\/em> (deux tomes).<\/p>\n\n\n\n<p><strong>BIBLIOTHECA TEUBNERIANA (B.G. Teubner \/ Walter de Gruyter, texte latin)<\/strong><br>\u2023 <em>C. Ivlii Caesaris Commentarii Rervm Gestarvm, vol. I, Bellvm Gallicvm<\/em>, \u00e9d. W. Hering (1987).<br>\u2023 <em>C. Ivlii Caesaris Commentarii Rervm Gestarvm, vol. I, Bellvm Gallicvm<\/em>, \u00e9d. O. Seel (1977).<br>\u2023 <em>C. Ivli Caesaris Commentarii, vol. I, Commentarii Belli Gallici<\/em>, \u00e9d. A. Klotz, W. Trillitzsch (1952), <em>vol. II, Commentarii Belli Civilis<\/em>, \u00e9d. A. Klotz, W. Trillitzsch (1957), <em>vol. III, Commentarii Belli Alexandrini, Belli Africi, Belli Hispaniensis&#8230;<\/em>, \u00e9d. A. Klotz (1927).<\/p>\n\n\n\n<p><strong>OXFORD CLASSICAL TEXTS (Oxford University Press, texte latin)<\/strong><br>\u2023 <em>C. Ivli Caesars Commentariorvm Libri III de Bello Civili<\/em>, \u00e9d. C. Damon (2015).<br>\u2023 <em>C. Ivli Caesaris Commentariorvm<\/em>, deux volumes, \u00e9d. R. du Pontet (1900-1901).<\/p>\n\n\n\n<p><strong>LOEB CLASSICAL LIBRARY (Heinemann \/ Harvard University Press, bilingue)<\/strong><br>\u2023 Appian, <em>Roman History<\/em>, tomes IV-VI, <em>Civil Wars<\/em> (2020).<br>\u2023 Caesar, <em>Alexandrian, African and Spanish Wars<\/em> (1955) ; <em>Civil War<\/em> (2016).<br>\u2023 Cicero, <em>Philippics<\/em> 1-6 (2009).<br>\u2023 Livy, XIV, <em>Summaries, Fragments, and Obsequens<\/em> (1959).<br>\u2023 Sallust, II, <em>Fragments of the Histories. Letters to Caesar<\/em> (2015).<\/p>\n\n\n\n<p><strong>BUR CLASSICI GRECI ET LATINI (Biblioteca Universale Rizzoli, bilingue)<\/strong><br>\u2023 Pseudo-Cesare, <em>La lunga guerra civile. Alessandria-Africa-Spagna<\/em> (2001).<\/p>\n\n\n\n<p><strong>CLASSIQUES EN POCHE (Les Belles Lettres, bilingue)<\/strong><br>\u2023 C\u00e9sar : <em>La Guerre des Gaules<\/em>, livres I\u2013II.<br>\u2023 Pline l&rsquo;Ancien : <em>Histoire naturelle<\/em>, livre XXXV (La peinture).<br>\u2023 Plutarque : <em>Vie d&rsquo;Antoine<\/em>.<br>\u2023 Tacite : <em>Vie d&rsquo;Agricola. La Germanie<\/em>.<\/p>\n\n\n\n<p><strong>EDITIO MINOR (Les Belles Lettres)<\/strong><br>\u2023 <em>Romans grecs et latins<\/em> (traductions).<br>\u2023 C\u00e9sar : <em>Guerre des Gaules, Guerre civile<\/em> (traduction).<br>\u2023 Su\u00e9tone : <em>Vies<\/em> (traduction).<br>\u2023 Vitruve : <em>De l&rsquo;architecture<\/em> (bilingue).<\/p>\n\n\n\n<p><strong>FRAGMENTS (Les Belles Lettres)<\/strong><br>\u2023 Nicolas de Damas : <em>Histoires. Recueil de coutumes. Vie d&rsquo;Auguste. Autobiographie<\/em> (bilingue).<\/p>\n\n\n\n<p><strong>LA ROUE \u00c0 LIVRES (Les Belles Lettres, traduction seule)<\/strong><br>\u2023 <em>Chroniques m\u00e9sopotamiennes<\/em>.<br>\u2023 <em>Les Cit\u00e9s de l&rsquo;Occident romain du Ier si\u00e8cle avant J.-C. au VIe si\u00e8cle apr\u00e8s J.-C.<\/em><br>\u2023 Appien : <em>Les Guerres civiles \u00e0 Rome<\/em> (cinq tomes).<br>\u2023 Arrien : <em>L&rsquo;Art tactique. Histoire de la succession d&rsquo;Alexandre.<\/em><br>\u2023 Cic\u00e9ron : <em>De la divination.<\/em><br>\u2023 Denys d&rsquo;Halicarnasse : <em>Les Antiquit\u00e9s romaines<\/em>, livres I\u2013II.<br>\u2023 Diodore de Sicile : <em>Mythologie des Grecs<\/em>.<br>\u2023 Dion Cassius : <em>Histoire romaine<\/em>, livres 40\u201341 &amp; 57\u201359 (deux tomes).<br>\u2023 Elien : <em>Histoire vari\u00e9e<\/em>.<br>\u2023 H\u00e9rodien : <em>Histoire des empereurs romains de Marc Aur\u00e8le \u00e0 Gordien III<\/em>.<br>\u2023 Jordan\u00e8s : <em>Histoire des Goths<\/em>.<br>\u2023 Procope : <em>Histoire secr\u00e8te<\/em>.<\/p>\n\n\n\n<p><strong>S\u00c9RIE DU CENTENAIRE (Les Belles Lettres, traduction seule)<\/strong><br>\u2023 <em>Anthologie grecque<\/em> (livres IV\u2013VII, IX\u2013XII &amp; XVI).<br>\u2023 Apollonios de Rhodes, <em>Les Argonautiques<\/em>.<br>\u2023 Elien, <em>La personnalit\u00e9 des animaux<\/em>.<br>\u2023 Hom\u00e8re, <em>Iliade<\/em>.<\/p>\n\n\n\n<p><strong>HORS COLLECTION (Les Belles Lettres\/Albin Michel, traduction seule)<\/strong><br>\u2023 Hom\u00e8re, <em>Tout Hom\u00e8re<\/em>.<br>\u2023 Virgile, <em>L&rsquo;En\u00e9ide<\/em>.<\/p>\n\n\n\n<p><strong>BIBLIOTH\u00c8QUE DE LA PL\u00c9IADE (Gallimard, traduction seule)<\/strong><br>\u2023 C\u00e9sar.<br>\u2023 Les sto\u00efciens.<br>\u2023 Pline l&rsquo;Ancien : <em>Histoire naturelle<\/em>.<br>\u2023 Plaute, T\u00e9rence : <em>\u0152uvres compl\u00e8tes<\/em>.<br>\u2023 Euripide : <em>Th\u00e9\u00e2tre complet<\/em>.<\/p>\n\n\n\n<p><strong>BOUQUINS (Robert Laffont, traduction seule)<\/strong><br>\u2023 <em>Histoire Auguste. Les Empereurs romains des IIe et IIIe si\u00e8cles<\/em>.<br>\u2023 C\u00e9sar : <em>Tout C\u00e9sar<\/em> (bilingue).<br>\u2023 Hom\u00e8re : <em>L&rsquo;Iliade. L&rsquo;Odyss\u00e9e<\/em>.<br>\u2023 Lucien de Samosate : <em>\u0152uvres compl\u00e8tes<\/em>.<br>\u2023 Plutarque : <em>Vies parall\u00e8les<\/em> (deux tomes)<br>\u2023 S\u00e9n\u00e8que : <em>Entretiens. Lettres \u00e0 Lucilius<\/em>.<br>\u2023 Tacite : <em>\u0152uvres compl\u00e8tes<\/em>.<br>\u2023 Thucydide : <em>Histoire de la guerre du P\u00e9loponn\u00e8se<\/em>.<\/p>\n\n\n\n<p><strong>QUARTO (Gallimard, traduction seule)<\/strong><br>\u2023 Plutarque : <em>Vies parall\u00e8les<\/em>.<br>\u2023 Polybe : <em>Histoire<\/em>.<\/p>\n\n\n\n<p><strong>LES \u00c9DITIONS DE MINUIT (traduction seule)<\/strong><br>\u2023 Flavius Jos\u00e8phe : <em>La guerre des Juifs<\/em>.<\/p>\n\n\n\n<p><strong>LES PORTIQUES (traduction seule)<\/strong><br>\u2023 Cic\u00e9ron : <em>Tusculanes<\/em>.<br>\u2023 Eschyle : <em>Trag\u00e9dies<\/em>.<br>\u2023 Horace : <em>Satires. Odes et \u00e9podes. Epitres<\/em>.<br>\u2023 Lucr\u00e8ce : <em>De la nature<\/em>.<br>\u2023 Ovide : <em>Les M\u00e9tamorphoses<\/em>.<br>\u2023 Platon : <em>La R\u00e9publique<\/em>.<br>\u2023 Pline le Jeune : <em>Lettres<\/em>.<br>\u2023 Sophocle : <em>Trag\u00e9dies<\/em>.<\/p>\n\n\n\n<p><strong>THESAURUS (Actes sud, bilingue)<\/strong><br>\u2023 Ovide : <em>\u00c9crits \u00e9rotiques : Amours. Soins du visage f\u00e9minin. L&rsquo;Art d&rsquo;aimer. Rem\u00e8des \u00e0 l&rsquo;amour<\/em>.<br>\u2023 Ovide : <em>Les M\u00e9tamorphoses<\/em>.<br>\u2023 Ovide : <em>Lettres d&rsquo;amour. Lettres d&rsquo;exil : H\u00e9ro\u00efdes, Tristes, Lettres du Pont<\/em>.<\/p>\n\n\n\n<p>Un <a href=\"http:\/\/www.legions-romaines.fr\/blog\/contact\/\"><strong>formulaire de contact<\/strong><\/a> est \u00e0 votre disposition pour toute demande d&rsquo;informations.<\/p>\n\n\n\n<p>Page mise \u00e0 jour le 9 novembre 2024.<\/p>\n","protected":false},"excerpt":{"rendered":"<p>COLLECTION DES UNIVERSIT\u00c9S DE FRANCE (Les Belles Lettres, bilingue)\u2023 R\u00e8gles et recommandations pour les \u00e9ditions critiques. S\u00e9rie grecque.\u2023 R\u00e8gles et recommandations pour les \u00e9ditions critiques. S\u00e9rie latine.\u2023 De Rebus Bellicis. Sur les affaires militaires.\u2023 Apicius : L&rsquo;Art culinaire.\u2023 Appien : Pr\u00e9face de l&rsquo;Histoire romain et Fragments des livres I-V, L&rsquo;Ib\u00e9rique, Le Livre d&rsquo;Annibal, Le Livre [&hellip;]<\/p>\n","protected":false},"author":2,"featured_media":0,"parent":0,"menu_order":0,"comment_status":"open","ping_status":"closed","template":"","meta":{"footnotes":""},"class_list":["post-1226","page","type-page","status-publish","hentry"],"yoast_head":"<!-- This site is optimized with the Yoast SEO plugin v26.0 - https:\/\/yoast.com\/wordpress\/plugins\/seo\/ -->\n<title>BIBLIOTH\u00c8QUE PERSONNELLE : SOURCES LITT\u00c9RAIRES - CONTRIBUTIONS \u00c0 L&#039;\u00c9TUDE DES L\u00c9GIONS ROMAINES<\/title>\n<meta name=\"robots\" content=\"index, follow, max-snippet:-1, max-image-preview:large, max-video-preview:-1\" \/>\n<link rel=\"canonical\" href=\"https:\/\/www.legions-romaines.fr\/blog\/bibliotheque-personnelle-sources-litteraires\/\" \/>\n<meta property=\"og:locale\" content=\"fr_FR\" \/>\n<meta property=\"og:type\" content=\"article\" \/>\n<meta property=\"og:title\" content=\"BIBLIOTH\u00c8QUE PERSONNELLE : SOURCES LITT\u00c9RAIRES - CONTRIBUTIONS \u00c0 L&#039;\u00c9TUDE DES L\u00c9GIONS ROMAINES\" \/>\n<meta property=\"og:description\" content=\"COLLECTION DES UNIVERSIT\u00c9S DE FRANCE (Les Belles Lettres, bilingue)\u2023 R\u00e8gles et recommandations pour les \u00e9ditions critiques. S\u00e9rie grecque.\u2023 R\u00e8gles et recommandations pour les \u00e9ditions critiques. S\u00e9rie latine.\u2023 De Rebus Bellicis. Sur les affaires militaires.\u2023 Apicius : L&rsquo;Art culinaire.\u2023 Appien : Pr\u00e9face de l&rsquo;Histoire romain et Fragments des livres I-V, L&rsquo;Ib\u00e9rique, Le Livre d&rsquo;Annibal, Le Livre [&hellip;]\" \/>\n<meta property=\"og:url\" content=\"https:\/\/www.legions-romaines.fr\/blog\/bibliotheque-personnelle-sources-litteraires\/\" \/>\n<meta property=\"og:site_name\" content=\"CONTRIBUTIONS \u00c0 L&#039;\u00c9TUDE DES L\u00c9GIONS ROMAINES\" \/>\n<meta property=\"article:modified_time\" content=\"2024-11-09T14:12:55+00:00\" \/>\n<meta name=\"twitter:card\" content=\"summary_large_image\" \/>\n<meta name=\"twitter:label1\" content=\"Dur\u00e9e de lecture estim\u00e9e\" \/>\n\t<meta name=\"twitter:data1\" content=\"6 minutes\" \/>\n<script type=\"application\/ld+json\" class=\"yoast-schema-graph\">{\"@context\":\"https:\/\/schema.org\",\"@graph\":[{\"@type\":\"WebPage\",\"@id\":\"https:\/\/www.legions-romaines.fr\/blog\/bibliotheque-personnelle-sources-litteraires\/\",\"url\":\"https:\/\/www.legions-romaines.fr\/blog\/bibliotheque-personnelle-sources-litteraires\/\",\"name\":\"BIBLIOTH\u00c8QUE PERSONNELLE : SOURCES LITT\u00c9RAIRES - CONTRIBUTIONS \u00c0 L&#039;\u00c9TUDE DES L\u00c9GIONS ROMAINES\",\"isPartOf\":{\"@id\":\"https:\/\/www.legions-romaines.fr\/blog\/#website\"},\"datePublished\":\"2020-12-21T23:24:16+00:00\",\"dateModified\":\"2024-11-09T14:12:55+00:00\",\"breadcrumb\":{\"@id\":\"https:\/\/www.legions-romaines.fr\/blog\/bibliotheque-personnelle-sources-litteraires\/#breadcrumb\"},\"inLanguage\":\"fr-FR\",\"potentialAction\":[{\"@type\":\"ReadAction\",\"target\":[\"https:\/\/www.legions-romaines.fr\/blog\/bibliotheque-personnelle-sources-litteraires\/\"]}]},{\"@type\":\"BreadcrumbList\",\"@id\":\"https:\/\/www.legions-romaines.fr\/blog\/bibliotheque-personnelle-sources-litteraires\/#breadcrumb\",\"itemListElement\":[{\"@type\":\"ListItem\",\"position\":1,\"name\":\"Accueil\",\"item\":\"https:\/\/www.legions-romaines.fr\/blog\/\"},{\"@type\":\"ListItem\",\"position\":2,\"name\":\"BIBLIOTH\u00c8QUE PERSONNELLE : SOURCES LITT\u00c9RAIRES\"}]},{\"@type\":\"WebSite\",\"@id\":\"https:\/\/www.legions-romaines.fr\/blog\/#website\",\"url\":\"https:\/\/www.legions-romaines.fr\/blog\/\",\"name\":\"L\u00c9GIONS ROMAINES\",\"description\":\"Carnet de recherche sur l&#039;arm\u00e9e romaine tardo-r\u00e9publicaine et la transmission des textes du corpus c\u00e9sarien\",\"publisher\":{\"@id\":\"https:\/\/www.legions-romaines.fr\/blog\/#\/schema\/person\/e368692ce5709607b047631756b5a38d\"},\"potentialAction\":[{\"@type\":\"SearchAction\",\"target\":{\"@type\":\"EntryPoint\",\"urlTemplate\":\"https:\/\/www.legions-romaines.fr\/blog\/?s={search_term_string}\"},\"query-input\":{\"@type\":\"PropertyValueSpecification\",\"valueRequired\":true,\"valueName\":\"search_term_string\"}}],\"inLanguage\":\"fr-FR\"},{\"@type\":[\"Person\",\"Organization\"],\"@id\":\"https:\/\/www.legions-romaines.fr\/blog\/#\/schema\/person\/e368692ce5709607b047631756b5a38d\",\"name\":\"Batiste G\u00e9rardin\",\"image\":{\"@type\":\"ImageObject\",\"inLanguage\":\"fr-FR\",\"@id\":\"https:\/\/www.legions-romaines.fr\/blog\/#\/schema\/person\/image\/\",\"url\":\"https:\/\/secure.gravatar.com\/avatar\/7cf561c219d32073b346099c6beb77a3119859576639b12b98cf7a1688ea8483?s=96&d=mm&r=g\",\"contentUrl\":\"https:\/\/secure.gravatar.com\/avatar\/7cf561c219d32073b346099c6beb77a3119859576639b12b98cf7a1688ea8483?s=96&d=mm&r=g\",\"caption\":\"Batiste G\u00e9rardin\"},\"logo\":{\"@id\":\"https:\/\/www.legions-romaines.fr\/blog\/#\/schema\/person\/image\/\"},\"sameAs\":[\"http:\/\/www.legions-romaines.fr\"]}]}<\/script>\n<!-- \/ Yoast SEO plugin. -->","yoast_head_json":{"title":"BIBLIOTH\u00c8QUE PERSONNELLE : SOURCES LITT\u00c9RAIRES - CONTRIBUTIONS \u00c0 L&#039;\u00c9TUDE DES L\u00c9GIONS ROMAINES","robots":{"index":"index","follow":"follow","max-snippet":"max-snippet:-1","max-image-preview":"max-image-preview:large","max-video-preview":"max-video-preview:-1"},"canonical":"https:\/\/www.legions-romaines.fr\/blog\/bibliotheque-personnelle-sources-litteraires\/","og_locale":"fr_FR","og_type":"article","og_title":"BIBLIOTH\u00c8QUE PERSONNELLE : SOURCES LITT\u00c9RAIRES - CONTRIBUTIONS \u00c0 L&#039;\u00c9TUDE DES L\u00c9GIONS ROMAINES","og_description":"COLLECTION DES UNIVERSIT\u00c9S DE FRANCE (Les Belles Lettres, bilingue)\u2023 R\u00e8gles et recommandations pour les \u00e9ditions critiques. S\u00e9rie grecque.\u2023 R\u00e8gles et recommandations pour les \u00e9ditions critiques. S\u00e9rie latine.\u2023 De Rebus Bellicis. Sur les affaires militaires.\u2023 Apicius : L&rsquo;Art culinaire.\u2023 Appien : Pr\u00e9face de l&rsquo;Histoire romain et Fragments des livres I-V, L&rsquo;Ib\u00e9rique, Le Livre d&rsquo;Annibal, Le Livre [&hellip;]","og_url":"https:\/\/www.legions-romaines.fr\/blog\/bibliotheque-personnelle-sources-litteraires\/","og_site_name":"CONTRIBUTIONS \u00c0 L&#039;\u00c9TUDE DES L\u00c9GIONS ROMAINES","article_modified_time":"2024-11-09T14:12:55+00:00","twitter_card":"summary_large_image","twitter_misc":{"Dur\u00e9e de lecture estim\u00e9e":"6 minutes"},"schema":{"@context":"https:\/\/schema.org","@graph":[{"@type":"WebPage","@id":"https:\/\/www.legions-romaines.fr\/blog\/bibliotheque-personnelle-sources-litteraires\/","url":"https:\/\/www.legions-romaines.fr\/blog\/bibliotheque-personnelle-sources-litteraires\/","name":"BIBLIOTH\u00c8QUE PERSONNELLE : SOURCES LITT\u00c9RAIRES - CONTRIBUTIONS \u00c0 L&#039;\u00c9TUDE DES L\u00c9GIONS ROMAINES","isPartOf":{"@id":"https:\/\/www.legions-romaines.fr\/blog\/#website"},"datePublished":"2020-12-21T23:24:16+00:00","dateModified":"2024-11-09T14:12:55+00:00","breadcrumb":{"@id":"https:\/\/www.legions-romaines.fr\/blog\/bibliotheque-personnelle-sources-litteraires\/#breadcrumb"},"inLanguage":"fr-FR","potentialAction":[{"@type":"ReadAction","target":["https:\/\/www.legions-romaines.fr\/blog\/bibliotheque-personnelle-sources-litteraires\/"]}]},{"@type":"BreadcrumbList","@id":"https:\/\/www.legions-romaines.fr\/blog\/bibliotheque-personnelle-sources-litteraires\/#breadcrumb","itemListElement":[{"@type":"ListItem","position":1,"name":"Accueil","item":"https:\/\/www.legions-romaines.fr\/blog\/"},{"@type":"ListItem","position":2,"name":"BIBLIOTH\u00c8QUE PERSONNELLE : SOURCES LITT\u00c9RAIRES"}]},{"@type":"WebSite","@id":"https:\/\/www.legions-romaines.fr\/blog\/#website","url":"https:\/\/www.legions-romaines.fr\/blog\/","name":"L\u00c9GIONS ROMAINES","description":"Carnet de recherche sur l&#039;arm\u00e9e romaine tardo-r\u00e9publicaine et la transmission des textes du corpus c\u00e9sarien","publisher":{"@id":"https:\/\/www.legions-romaines.fr\/blog\/#\/schema\/person\/e368692ce5709607b047631756b5a38d"},"potentialAction":[{"@type":"SearchAction","target":{"@type":"EntryPoint","urlTemplate":"https:\/\/www.legions-romaines.fr\/blog\/?s={search_term_string}"},"query-input":{"@type":"PropertyValueSpecification","valueRequired":true,"valueName":"search_term_string"}}],"inLanguage":"fr-FR"},{"@type":["Person","Organization"],"@id":"https:\/\/www.legions-romaines.fr\/blog\/#\/schema\/person\/e368692ce5709607b047631756b5a38d","name":"Batiste G\u00e9rardin","image":{"@type":"ImageObject","inLanguage":"fr-FR","@id":"https:\/\/www.legions-romaines.fr\/blog\/#\/schema\/person\/image\/","url":"https:\/\/secure.gravatar.com\/avatar\/7cf561c219d32073b346099c6beb77a3119859576639b12b98cf7a1688ea8483?s=96&d=mm&r=g","contentUrl":"https:\/\/secure.gravatar.com\/avatar\/7cf561c219d32073b346099c6beb77a3119859576639b12b98cf7a1688ea8483?s=96&d=mm&r=g","caption":"Batiste G\u00e9rardin"},"logo":{"@id":"https:\/\/www.legions-romaines.fr\/blog\/#\/schema\/person\/image\/"},"sameAs":["http:\/\/www.legions-romaines.fr"]}]}},"_links":{"self":[{"href":"https:\/\/www.legions-romaines.fr\/blog\/wp-json\/wp\/v2\/pages\/1226","targetHints":{"allow":["GET"]}}],"collection":[{"href":"https:\/\/www.legions-romaines.fr\/blog\/wp-json\/wp\/v2\/pages"}],"about":[{"href":"https:\/\/www.legions-romaines.fr\/blog\/wp-json\/wp\/v2\/types\/page"}],"author":[{"embeddable":true,"href":"https:\/\/www.legions-romaines.fr\/blog\/wp-json\/wp\/v2\/users\/2"}],"replies":[{"embeddable":true,"href":"https:\/\/www.legions-romaines.fr\/blog\/wp-json\/wp\/v2\/comments?post=1226"}],"version-history":[{"count":57,"href":"https:\/\/www.legions-romaines.fr\/blog\/wp-json\/wp\/v2\/pages\/1226\/revisions"}],"predecessor-version":[{"id":3304,"href":"https:\/\/www.legions-romaines.fr\/blog\/wp-json\/wp\/v2\/pages\/1226\/revisions\/3304"}],"wp:attachment":[{"href":"https:\/\/www.legions-romaines.fr\/blog\/wp-json\/wp\/v2\/media?parent=1226"}],"curies":[{"name":"wp","href":"https:\/\/api.w.org\/{rel}","templated":true}]}}