{"id":785,"date":"2020-12-19T19:03:55","date_gmt":"2020-12-19T18:03:55","guid":{"rendered":"http:\/\/legions-romaines.fr\/blog\/?page_id=785"},"modified":"2021-02-08T22:23:15","modified_gmt":"2021-02-08T21:23:15","slug":"entraide","status":"publish","type":"page","link":"https:\/\/www.legions-romaines.fr\/blog\/entraide\/","title":{"rendered":"ENTRAIDE"},"content":{"rendered":"\n<p>J&rsquo;ai r\u00e9uni au fil des ann\u00e9es de nombreux ouvrages consacr\u00e9s \u00e0 l&rsquo;Antiquit\u00e9. Principalement sur l&rsquo;histoire militaire romaine, mais pas uniquement. Je dispose \u00e9galement d\u2019un grand nombre de sources litt\u00e9raires grecques et latines, dans les principales \u00e9ditions de r\u00e9f\u00e9rence. Si vous avez des difficult\u00e9s pour acc\u00e9der \u00e0 l&rsquo;un des livres r\u00e9pertori\u00e9s ci-dessous, <strong><a href=\"http:\/\/www.legions-romaines.fr\/blog\/contact\/\" target=\"_blank\" rel=\"noreferrer noopener\">contactez-moi<\/a><\/strong> et je ferai de mon mieux pour vous aider.<\/p>\n\n\n\n<p><strong>BIBLIOTH\u00c8QUE PERSONNELLE :<\/strong><br>\u2023 <a href=\"http:\/\/www.legions-romaines.fr\/blog\/bibliotheque-personnelle-sources-litteraires\/\"><strong>Sources litt\u00e9raires grecques et romaines<\/strong><\/a>.<br>\u2023 <strong><a href=\"http:\/\/www.legions-romaines.fr\/blog\/bibliotheque-perso-armee-romaine\/\">L&rsquo;arm\u00e9e romaine<\/a><\/strong>.<br>\u2023 C\u00e9sar et ses campagnes (bient\u00f4t).<br>\u2023 La Gaule et les Gaulois (bient\u00f4t).<\/p>\n\n\n\n<p><\/p>\n\n\n\n<p><br><\/p>\n","protected":false},"excerpt":{"rendered":"<p>J&rsquo;ai r\u00e9uni au fil des ann\u00e9es de nombreux ouvrages consacr\u00e9s \u00e0 l&rsquo;Antiquit\u00e9. Principalement sur l&rsquo;histoire militaire romaine, mais pas uniquement. Je dispose \u00e9galement d\u2019un grand nombre de sources litt\u00e9raires grecques et latines, dans les principales \u00e9ditions de r\u00e9f\u00e9rence. Si vous avez des difficult\u00e9s pour acc\u00e9der \u00e0 l&rsquo;un des livres r\u00e9pertori\u00e9s ci-dessous, contactez-moi et je ferai [&hellip;]<\/p>\n","protected":false},"author":2,"featured_media":0,"parent":0,"menu_order":0,"comment_status":"open","ping_status":"closed","template":"","meta":{"footnotes":""},"class_list":["post-785","page","type-page","status-publish","hentry"],"yoast_head":"<!-- This site is optimized with the Yoast SEO plugin v26.0 - https:\/\/yoast.com\/wordpress\/plugins\/seo\/ -->\n<title>ENTRAIDE - CONTRIBUTIONS \u00c0 L&#039;\u00c9TUDE DES L\u00c9GIONS ROMAINES<\/title>\n<meta name=\"robots\" content=\"index, follow, max-snippet:-1, max-image-preview:large, max-video-preview:-1\" \/>\n<link rel=\"canonical\" href=\"https:\/\/www.legions-romaines.fr\/blog\/entraide\/\" \/>\n<meta property=\"og:locale\" content=\"fr_FR\" \/>\n<meta property=\"og:type\" content=\"article\" \/>\n<meta property=\"og:title\" content=\"ENTRAIDE - CONTRIBUTIONS \u00c0 L&#039;\u00c9TUDE DES L\u00c9GIONS ROMAINES\" \/>\n<meta property=\"og:description\" content=\"J&rsquo;ai r\u00e9uni au fil des ann\u00e9es de nombreux ouvrages consacr\u00e9s \u00e0 l&rsquo;Antiquit\u00e9. Principalement sur l&rsquo;histoire militaire romaine, mais pas uniquement. Je dispose \u00e9galement d\u2019un grand nombre de sources litt\u00e9raires grecques et latines, dans les principales \u00e9ditions de r\u00e9f\u00e9rence. Si vous avez des difficult\u00e9s pour acc\u00e9der \u00e0 l&rsquo;un des livres r\u00e9pertori\u00e9s ci-dessous, contactez-moi et je ferai [&hellip;]\" \/>\n<meta property=\"og:url\" content=\"https:\/\/www.legions-romaines.fr\/blog\/entraide\/\" \/>\n<meta property=\"og:site_name\" content=\"CONTRIBUTIONS \u00c0 L&#039;\u00c9TUDE DES L\u00c9GIONS ROMAINES\" \/>\n<meta property=\"article:modified_time\" content=\"2021-02-08T21:23:15+00:00\" \/>\n<meta name=\"twitter:card\" content=\"summary_large_image\" \/>\n<script type=\"application\/ld+json\" class=\"yoast-schema-graph\">{\"@context\":\"https:\/\/schema.org\",\"@graph\":[{\"@type\":\"WebPage\",\"@id\":\"https:\/\/www.legions-romaines.fr\/blog\/entraide\/\",\"url\":\"https:\/\/www.legions-romaines.fr\/blog\/entraide\/\",\"name\":\"ENTRAIDE - CONTRIBUTIONS \u00c0 L&#039;\u00c9TUDE DES L\u00c9GIONS ROMAINES\",\"isPartOf\":{\"@id\":\"https:\/\/www.legions-romaines.fr\/blog\/#website\"},\"datePublished\":\"2020-12-19T18:03:55+00:00\",\"dateModified\":\"2021-02-08T21:23:15+00:00\",\"breadcrumb\":{\"@id\":\"https:\/\/www.legions-romaines.fr\/blog\/entraide\/#breadcrumb\"},\"inLanguage\":\"fr-FR\",\"potentialAction\":[{\"@type\":\"ReadAction\",\"target\":[\"https:\/\/www.legions-romaines.fr\/blog\/entraide\/\"]}]},{\"@type\":\"BreadcrumbList\",\"@id\":\"https:\/\/www.legions-romaines.fr\/blog\/entraide\/#breadcrumb\",\"itemListElement\":[{\"@type\":\"ListItem\",\"position\":1,\"name\":\"Accueil\",\"item\":\"https:\/\/www.legions-romaines.fr\/blog\/\"},{\"@type\":\"ListItem\",\"position\":2,\"name\":\"ENTRAIDE\"}]},{\"@type\":\"WebSite\",\"@id\":\"https:\/\/www.legions-romaines.fr\/blog\/#website\",\"url\":\"https:\/\/www.legions-romaines.fr\/blog\/\",\"name\":\"L\u00c9GIONS ROMAINES\",\"description\":\"Carnet de recherche sur l&#039;arm\u00e9e romaine tardo-r\u00e9publicaine et la transmission des textes du corpus c\u00e9sarien\",\"publisher\":{\"@id\":\"https:\/\/www.legions-romaines.fr\/blog\/#\/schema\/person\/e368692ce5709607b047631756b5a38d\"},\"potentialAction\":[{\"@type\":\"SearchAction\",\"target\":{\"@type\":\"EntryPoint\",\"urlTemplate\":\"https:\/\/www.legions-romaines.fr\/blog\/?s={search_term_string}\"},\"query-input\":{\"@type\":\"PropertyValueSpecification\",\"valueRequired\":true,\"valueName\":\"search_term_string\"}}],\"inLanguage\":\"fr-FR\"},{\"@type\":[\"Person\",\"Organization\"],\"@id\":\"https:\/\/www.legions-romaines.fr\/blog\/#\/schema\/person\/e368692ce5709607b047631756b5a38d\",\"name\":\"Batiste G\u00e9rardin\",\"image\":{\"@type\":\"ImageObject\",\"inLanguage\":\"fr-FR\",\"@id\":\"https:\/\/www.legions-romaines.fr\/blog\/#\/schema\/person\/image\/\",\"url\":\"https:\/\/secure.gravatar.com\/avatar\/7cf561c219d32073b346099c6beb77a3119859576639b12b98cf7a1688ea8483?s=96&d=mm&r=g\",\"contentUrl\":\"https:\/\/secure.gravatar.com\/avatar\/7cf561c219d32073b346099c6beb77a3119859576639b12b98cf7a1688ea8483?s=96&d=mm&r=g\",\"caption\":\"Batiste G\u00e9rardin\"},\"logo\":{\"@id\":\"https:\/\/www.legions-romaines.fr\/blog\/#\/schema\/person\/image\/\"},\"sameAs\":[\"http:\/\/www.legions-romaines.fr\"]}]}<\/script>\n<!-- \/ Yoast SEO plugin. -->","yoast_head_json":{"title":"ENTRAIDE - CONTRIBUTIONS \u00c0 L&#039;\u00c9TUDE DES L\u00c9GIONS ROMAINES","robots":{"index":"index","follow":"follow","max-snippet":"max-snippet:-1","max-image-preview":"max-image-preview:large","max-video-preview":"max-video-preview:-1"},"canonical":"https:\/\/www.legions-romaines.fr\/blog\/entraide\/","og_locale":"fr_FR","og_type":"article","og_title":"ENTRAIDE - CONTRIBUTIONS \u00c0 L&#039;\u00c9TUDE DES L\u00c9GIONS ROMAINES","og_description":"J&rsquo;ai r\u00e9uni au fil des ann\u00e9es de nombreux ouvrages consacr\u00e9s \u00e0 l&rsquo;Antiquit\u00e9. Principalement sur l&rsquo;histoire militaire romaine, mais pas uniquement. Je dispose \u00e9galement d\u2019un grand nombre de sources litt\u00e9raires grecques et latines, dans les principales \u00e9ditions de r\u00e9f\u00e9rence. Si vous avez des difficult\u00e9s pour acc\u00e9der \u00e0 l&rsquo;un des livres r\u00e9pertori\u00e9s ci-dessous, contactez-moi et je ferai [&hellip;]","og_url":"https:\/\/www.legions-romaines.fr\/blog\/entraide\/","og_site_name":"CONTRIBUTIONS \u00c0 L&#039;\u00c9TUDE DES L\u00c9GIONS ROMAINES","article_modified_time":"2021-02-08T21:23:15+00:00","twitter_card":"summary_large_image","schema":{"@context":"https:\/\/schema.org","@graph":[{"@type":"WebPage","@id":"https:\/\/www.legions-romaines.fr\/blog\/entraide\/","url":"https:\/\/www.legions-romaines.fr\/blog\/entraide\/","name":"ENTRAIDE - CONTRIBUTIONS \u00c0 L&#039;\u00c9TUDE DES L\u00c9GIONS ROMAINES","isPartOf":{"@id":"https:\/\/www.legions-romaines.fr\/blog\/#website"},"datePublished":"2020-12-19T18:03:55+00:00","dateModified":"2021-02-08T21:23:15+00:00","breadcrumb":{"@id":"https:\/\/www.legions-romaines.fr\/blog\/entraide\/#breadcrumb"},"inLanguage":"fr-FR","potentialAction":[{"@type":"ReadAction","target":["https:\/\/www.legions-romaines.fr\/blog\/entraide\/"]}]},{"@type":"BreadcrumbList","@id":"https:\/\/www.legions-romaines.fr\/blog\/entraide\/#breadcrumb","itemListElement":[{"@type":"ListItem","position":1,"name":"Accueil","item":"https:\/\/www.legions-romaines.fr\/blog\/"},{"@type":"ListItem","position":2,"name":"ENTRAIDE"}]},{"@type":"WebSite","@id":"https:\/\/www.legions-romaines.fr\/blog\/#website","url":"https:\/\/www.legions-romaines.fr\/blog\/","name":"L\u00c9GIONS ROMAINES","description":"Carnet de recherche sur l&#039;arm\u00e9e romaine tardo-r\u00e9publicaine et la transmission des textes du corpus c\u00e9sarien","publisher":{"@id":"https:\/\/www.legions-romaines.fr\/blog\/#\/schema\/person\/e368692ce5709607b047631756b5a38d"},"potentialAction":[{"@type":"SearchAction","target":{"@type":"EntryPoint","urlTemplate":"https:\/\/www.legions-romaines.fr\/blog\/?s={search_term_string}"},"query-input":{"@type":"PropertyValueSpecification","valueRequired":true,"valueName":"search_term_string"}}],"inLanguage":"fr-FR"},{"@type":["Person","Organization"],"@id":"https:\/\/www.legions-romaines.fr\/blog\/#\/schema\/person\/e368692ce5709607b047631756b5a38d","name":"Batiste G\u00e9rardin","image":{"@type":"ImageObject","inLanguage":"fr-FR","@id":"https:\/\/www.legions-romaines.fr\/blog\/#\/schema\/person\/image\/","url":"https:\/\/secure.gravatar.com\/avatar\/7cf561c219d32073b346099c6beb77a3119859576639b12b98cf7a1688ea8483?s=96&d=mm&r=g","contentUrl":"https:\/\/secure.gravatar.com\/avatar\/7cf561c219d32073b346099c6beb77a3119859576639b12b98cf7a1688ea8483?s=96&d=mm&r=g","caption":"Batiste G\u00e9rardin"},"logo":{"@id":"https:\/\/www.legions-romaines.fr\/blog\/#\/schema\/person\/image\/"},"sameAs":["http:\/\/www.legions-romaines.fr"]}]}},"_links":{"self":[{"href":"https:\/\/www.legions-romaines.fr\/blog\/wp-json\/wp\/v2\/pages\/785","targetHints":{"allow":["GET"]}}],"collection":[{"href":"https:\/\/www.legions-romaines.fr\/blog\/wp-json\/wp\/v2\/pages"}],"about":[{"href":"https:\/\/www.legions-romaines.fr\/blog\/wp-json\/wp\/v2\/types\/page"}],"author":[{"embeddable":true,"href":"https:\/\/www.legions-romaines.fr\/blog\/wp-json\/wp\/v2\/users\/2"}],"replies":[{"embeddable":true,"href":"https:\/\/www.legions-romaines.fr\/blog\/wp-json\/wp\/v2\/comments?post=785"}],"version-history":[{"count":48,"href":"https:\/\/www.legions-romaines.fr\/blog\/wp-json\/wp\/v2\/pages\/785\/revisions"}],"predecessor-version":[{"id":1287,"href":"https:\/\/www.legions-romaines.fr\/blog\/wp-json\/wp\/v2\/pages\/785\/revisions\/1287"}],"wp:attachment":[{"href":"https:\/\/www.legions-romaines.fr\/blog\/wp-json\/wp\/v2\/media?parent=785"}],"curies":[{"name":"wp","href":"https:\/\/api.w.org\/{rel}","templated":true}]}}